{"id":1624,"date":"2024-01-23T15:36:03","date_gmt":"2024-01-23T15:36:03","guid":{"rendered":"https:\/\/lauramakra.com\/?page_id=1624"},"modified":"2024-02-20T19:35:07","modified_gmt":"2024-02-20T18:35:07","slug":"adatvedelem","status":"publish","type":"page","link":"https:\/\/lauramakra.com\/hu\/adatvedelem\/","title":{"rendered":"Adatv\u00e9delem"},"content":{"rendered":"<h2 class=\"wp-block-heading\">Kik vagyunk?<\/h2>\n\n\n\n<p>Weboldalunk c\u00edme: https:\/\/lauramakra.com.<\/p>\n\n\n\n<h2 class=\"wp-block-heading\">Megjegyz\u00e9sek<\/h2>\n\n\n\n<p>Amikor a l\u00e1togat\u00f3k megjegyz\u00e9seket hagynak a webhelyen, \u00f6sszegy\u0171jtj\u00fck a megjegyz\u00e9s \u0171rlapon megjelen\u0151 adatokat, valamint a l\u00e1togat\u00f3 IP-c\u00edm\u00e9t \u00e9s a b\u00f6ng\u00e9sz\u0151 felhaszn\u00e1l\u00f3i \u00fcgyn\u00f6k\u00e9nek karakterl\u00e1nc\u00e1t, hogy seg\u00edts\u00fck a spam \u00e9szlel\u00e9s\u00e9t.<\/p>\n\n\n\n<p>Az \u00d6n e-mail c\u00edm\u00e9b\u0151l l\u00e9trehozott anonimiz\u00e1lt karakterl\u00e1ncot (m\u00e1s n\u00e9ven hash-t) meg lehet adni a Gravatar szolg\u00e1ltat\u00e1snak, hogy megn\u00e9zze, haszn\u00e1lja-e. A Gravatar szolg\u00e1ltat\u00e1s adatv\u00e9delmi ir\u00e1nyelvei itt \u00e9rhet\u0151k el: https:\/\/automattic.com\/privacy\/. A hozz\u00e1sz\u00f3l\u00e1sod j\u00f3v\u00e1hagy\u00e1sa ut\u00e1n a profilk\u00e9ped l\u00e1that\u00f3 lesz a nyilv\u00e1noss\u00e1g sz\u00e1m\u00e1ra a hozz\u00e1sz\u00f3l\u00e1sod kontextus\u00e1ban.<\/p>\n\n\n\n<h2 class=\"wp-block-heading\">M\u00e9dia<\/h2>\n\n\n\n<p>Ha k\u00e9peket t\u00f6lt fel a webhelyre, ker\u00fclje a be\u00e1gyazott helyadatokat (EXIF GPS) tartalmaz\u00f3 k\u00e9pek felt\u00f6lt\u00e9s\u00e9t. A weboldal l\u00e1togat\u00f3i let\u00f6lthetik \u00e9s kivonhatj\u00e1k a helyadatokat a weboldalon tal\u00e1lhat\u00f3 k\u00e9pekb\u0151l.<\/p>\n\n\n\n<h2 class=\"wp-block-heading\">S\u00fcti<\/h2>\n\n\n\n<p>Ha megjegyz\u00e9st hagy a webhely\u00fcnk\u00f6n, feliratkozhat arra, hogy nev\u00e9t, e-mail c\u00edm\u00e9t \u00e9s webhely\u00e9t cookie-kba mentse. Ezek az \u00d6n k\u00e9nyelm\u00e9t szolg\u00e1lj\u00e1k, hogy ne kelljen \u00fajra kit\u00f6ltenie adatait, amikor \u00fajabb megjegyz\u00e9st hagy. Ezek a cookie-k egy \u00e9vig \u00e9rv\u00e9nyesek.<\/p>\n\n\n\n<p>Ha megl\u00e1togatja bejelentkez\u00e9si oldalunkat, ideiglenes cookie-t \u00e1ll\u00edtunk be annak meg\u00e1llap\u00edt\u00e1s\u00e1ra, hogy b\u00f6ng\u00e9sz\u0151je elfogadja-e a cookie-kat. Ez a cookie nem tartalmaz szem\u00e9lyes adatokat, \u00e9s a b\u00f6ng\u00e9sz\u0151 bez\u00e1r\u00e1sakor t\u00f6rl\u0151dik.<\/p>\n\n\n\n<p>Amikor bejelentkezik, t\u00f6bb cookie-t is be\u00e1ll\u00edtunk a bejelentkez\u00e9si adatok \u00e9s a k\u00e9perny\u0151-megjelen\u00edt\u00e9si be\u00e1ll\u00edt\u00e1sok ment\u00e9s\u00e9hez. A bejelentkez\u00e9si cookie-k k\u00e9t napig, a k\u00e9perny\u0151be\u00e1ll\u00edt\u00e1si cookie-k pedig egy \u00e9vig tartanak. Ha az &#8220;Eml\u00e9kezz r\u00e1m&#8221; lehet\u0151s\u00e9get v\u00e1lasztja, a bejelentkez\u00e9s k\u00e9t h\u00e9tig megmarad. Ha kijelentkezik a fi\u00f3kj\u00e1b\u00f3l, a bejelentkez\u00e9si cookie-k elt\u00e1vol\u00edt\u00e1sra ker\u00fclnek.<\/p>\n\n\n\n<p>Ha szerkeszt vagy k\u00f6zz\u00e9tesz egy cikket, egy tov\u00e1bbi cookie ker\u00fcl ment\u00e9sre a b\u00f6ng\u00e9sz\u0151j\u00e9ben. Ez a cookie nem tartalmaz szem\u00e9lyes adatokat, \u00e9s egyszer\u0171en jelzi az \u00e9ppen szerkesztett cikk bejegyz\u00e9sazonos\u00edt\u00f3j\u00e1t. 1 nap ut\u00e1n lej\u00e1r.<\/p>\n\n\n\n<h2 class=\"wp-block-heading\">M\u00e1s webhelyekr\u0151l sz\u00e1rmaz\u00f3 be\u00e1gyazott tartalom<\/h2>\n\n\n\n<p>Az ezen a webhelyen tal\u00e1lhat\u00f3 cikkek tartalmazhatnak be\u00e1gyazott tartalmat (pl. Vide\u00f3k, k\u00e9pek, cikkek stb.). A m\u00e1s webhelyekr\u0151l sz\u00e1rmaz\u00f3 be\u00e1gyazott tartalom pontosan ugyan\u00fagy viselkedik, mintha a l\u00e1togat\u00f3 megl\u00e1togatta volna a m\u00e1sik webhelyet.<\/p>\n\n\n\n<p>Ezek a webhelyek adatokat gy\u0171jthetnek \u00d6nr\u0151l, cookie-kat haszn\u00e1lhatnak, tov\u00e1bbi harmadik f\u00e9lt\u0151l sz\u00e1rmaz\u00f3 nyomon k\u00f6vet\u00e9st \u00e1gyazhatnak be, \u00e9s figyelemmel k\u00eds\u00e9rhetik a be\u00e1gyazott tartalommal val\u00f3 interakci\u00f3j\u00e1t, bele\u00e9rtve a be\u00e1gyazott tartalommal val\u00f3 interakci\u00f3j\u00e1nak nyomon k\u00f6vet\u00e9s\u00e9t, ha rendelkezik fi\u00f3kkal, \u00e9s be van jelentkezve az adott webhelyre.<\/p>\n\n\n\n<h2 class=\"wp-block-heading\">Kivel osztjuk meg az \u00d6n adatait?<\/h2>\n\n\n\n<p>Ha jelsz\u00f3-vissza\u00e1ll\u00edt\u00e1st k\u00e9r, az IP-c\u00edme szerepelni fog a vissza\u00e1ll\u00edt\u00e1si e-mailben.<\/p>\n\n\n\n<h2 class=\"wp-block-heading\">Mennyi ideig \u0151rizz\u00fck meg az \u00d6n adatait<\/h2>\n\n\n\n<p>Ha megjegyz\u00e9st hagy, a megjegyz\u00e9s \u00e9s annak metaadatai hat\u00e1rozatlan ideig megmaradnak. Ez az\u00e9rt van, hogy automatikusan felismerhess\u00fck \u00e9s j\u00f3v\u00e1hagyhassuk a k\u00f6vet\u0151 megjegyz\u00e9seket, ahelyett, hogy moder\u00e1l\u00e1si sorban tartan\u00e1nk \u0151ket.<\/p>\n\n\n\n<p>A weboldalunkon regisztr\u00e1l\u00f3 felhaszn\u00e1l\u00f3k eset\u00e9ben (ha vannak ilyenek) az \u00e1ltaluk megadott szem\u00e9lyes adatokat a felhaszn\u00e1l\u00f3i profiljukban is t\u00e1roljuk. Minden felhaszn\u00e1l\u00f3 b\u00e1rmikor megtekintheti, szerkesztheti vagy t\u00f6r\u00f6lheti szem\u00e9lyes adatait (kiv\u00e9ve, ha nem v\u00e1ltoztathatja meg felhaszn\u00e1l\u00f3nev\u00e9t). A webhely rendszergazd\u00e1i is l\u00e1thatj\u00e1k \u00e9s szerkeszthetik ezeket az inform\u00e1ci\u00f3kat.<\/p>\n\n\n\n<h2 class=\"wp-block-heading\">Milyen jogai vannak az adataival kapcsolatban?<\/h2>\n\n\n\n<p>Ha van fi\u00f3kja ezen a webhelyen, vagy megjegyz\u00e9seket hagyott, k\u00e9rheti, hogy export\u00e1lt f\u00e1jlt kapjon az \u00d6nr\u0151l t\u00e1rolt szem\u00e9lyes adatokr\u00f3l, bele\u00e9rtve az \u00d6n \u00e1ltal megadott adatokat is. Azt is k\u00e9rheti, hogy t\u00f6r\u00f6lj\u00fcnk minden olyan szem\u00e9lyes adatot, amelyet \u00d6nr\u0151l t\u00e1rolunk. Ez nem foglalja mag\u00e1ban azokat az adatokat, amelyeket adminisztrat\u00edv, jogi vagy biztons\u00e1gi c\u00e9lokb\u00f3l k\u00f6telesek vagyunk meg\u0151rizni.<\/p>\n\n\n\n<h2 class=\"wp-block-heading\">Az adatok k\u00fcld\u00e9s\u00e9nek helye<\/h2>\n\n\n\n<p>A l\u00e1togat\u00f3k megjegyz\u00e9seit egy automatikus spam\u00e9szlel\u0151 szolg\u00e1ltat\u00e1s ellen\u0151rizheti.<\/p>\n\n\n\n<h2 class=\"wp-block-heading\">Complianz \u2013 adatv\u00e9delmi csomag a WordPress sz\u00e1m\u00e1ra<\/h2>\n\n\n\n<p>Ez a weboldal a Complianz WordPress adatv\u00e9delmi csomagj\u00e1t haszn\u00e1lja a b\u00f6ng\u00e9sz\u0151 \u00e9s az eszk\u00f6z alap\u00fa hozz\u00e1j\u00e1rul\u00e1s gy\u0171jt\u00e9s\u00e9re \u00e9s r\u00f6gz\u00edt\u00e9s\u00e9re. Ehhez a funkci\u00f3hoz az \u00d6n IP-c\u00edm\u00e9t anonimiz\u00e1ljuk \u00e9s adatb\u00e1zisunkban t\u00e1roljuk.&nbsp;Ez a szolg\u00e1ltat\u00e1s nem dolgoz fel szem\u00e9lyazonos\u00edt\u00e1sra alkalmas adatokat, \u00e9s nem oszt meg semmilyen adatot a szolg\u00e1ltat\u00f3val.&nbsp;Tov\u00e1bbi inform\u00e1ci\u00f3k\u00e9rt tekintse meg a Complianz <a href=\"https:\/\/complianz.io\/legal\/privacy-statement\/\">adatv\u00e9delmi nyilatkozat\u00e1t<\/a>.<\/p>\n\n\n\n<h2 class=\"wp-block-heading\">LiteSpeed gyors\u00edt\u00f3t\u00e1r<\/h2>\n\n\n\n<p>Ez a webhely gyors\u00edt\u00f3t\u00e1raz\u00e1st haszn\u00e1l a gyorsabb v\u00e1laszid\u0151 \u00e9s a jobb felhaszn\u00e1l\u00f3i \u00e9lm\u00e9ny \u00e9rdek\u00e9ben. A gyors\u00edt\u00f3t\u00e1raz\u00e1s potenci\u00e1lisan t\u00e1rolja a webhelyen megjelen\u0151 \u00f6sszes weboldal m\u00e1solat\u00e1t. Minden gyors\u00edt\u00f3t\u00e1rf\u00e1jl ideiglenes, \u00e9s soha nem f\u00e9r hozz\u00e1 harmadik f\u00e9l, kiv\u00e9ve, ha technikai t\u00e1mogat\u00e1st kell k\u00e9rnie a gyors\u00edt\u00f3t\u00e1r-b\u0151v\u00edtm\u00e9ny gy\u00e1rt\u00f3j\u00e1t\u00f3l. A gyors\u00edt\u00f3t\u00e1rf\u00e1jlok a webhely rendszergazd\u00e1ja \u00e1ltal be\u00e1ll\u00edtott \u00fctemez\u00e9s szerint j\u00e1rnak le, de sz\u00fcks\u00e9g eset\u00e9n a rendszergazda k\u00f6nnyen t\u00f6r\u00f6lheti \u0151ket term\u00e9szetes lej\u00e1ratuk el\u0151tt. A QUIC.cloud szolg\u00e1ltat\u00e1sokat felhaszn\u00e1lhatjuk adatainak ideiglenes feldolgoz\u00e1s\u00e1ra \u00e9s gyors\u00edt\u00f3t\u00e1raz\u00e1s\u00e1ra. Tov\u00e1bbi <a href=\"https:\/\/quic.cloud\/privacy-policy\/\" target=\"_blank\" rel=\"noreferrer noopener\">&nbsp;r\u00e9szletek\u00e9rt tekintse <\/a>meg https:\/\/quic.cloud\/privacy-policy\/.<\/p>","protected":false},"excerpt":{"rendered":"<p>Kik vagyunk? Weboldalunk c\u00edme: https:\/\/lauramakra.com. Megjegyz\u00e9sek Amikor a l\u00e1togat\u00f3k megjegyz\u00e9seket hagynak a webhelyen, \u00f6sszegy\u0171jtj\u00fck a megjegyz\u00e9s \u0171rlapon megjelen\u0151 adatokat, valamint a l\u00e1togat\u00f3 IP-c\u00edm\u00e9t \u00e9s a b\u00f6ng\u00e9sz\u0151 felhaszn\u00e1l\u00f3i \u00fcgyn\u00f6k\u00e9nek karakterl\u00e1nc\u00e1t, hogy seg\u00edts\u00fck a spam \u00e9szlel\u00e9s\u00e9t. Az \u00d6n e-mail c\u00edm\u00e9b\u0151l l\u00e9trehozott anonimiz\u00e1lt karakterl\u00e1ncot (m\u00e1s n\u00e9ven hash-t) meg lehet adni a Gravatar szolg\u00e1ltat\u00e1snak, hogy megn\u00e9zze, haszn\u00e1lja-e. A Gravatar [&hellip;]<\/p>","protected":false},"author":1,"featured_media":0,"parent":0,"menu_order":0,"comment_status":"closed","ping_status":"closed","template":"","meta":{"_seopress_robots_primary_cat":"","_seopress_titles_title":"","_seopress_titles_desc":"","_seopress_robots_index":"yes","_monsterinsights_skip_tracking":false,"_monsterinsights_sitenote_active":false,"_monsterinsights_sitenote_note":"","_monsterinsights_sitenote_category":0,"site-sidebar-layout":"default","site-content-layout":"","ast-site-content-layout":"default","site-content-style":"default","site-sidebar-style":"default","ast-global-header-display":"","ast-banner-title-visibility":"","ast-main-header-display":"","ast-hfb-above-header-display":"","ast-hfb-below-header-display":"","ast-hfb-mobile-header-display":"","site-post-title":"","ast-breadcrumbs-content":"","ast-featured-img":"","footer-sml-layout":"","theme-transparent-header-meta":"","adv-header-id-meta":"","stick-header-meta":"","header-above-stick-meta":"","header-main-stick-meta":"","header-below-stick-meta":"","astra-migrate-meta-layouts":"set","ast-page-background-enabled":"default","ast-page-background-meta":{"desktop":{"background-color":"","background-image":"","background-repeat":"repeat","background-position":"center center","background-size":"auto","background-attachment":"scroll","background-type":"","background-media":"","overlay-type":"","overlay-color":"","overlay-opacity":"","overlay-gradient":""},"tablet":{"background-color":"","background-image":"","background-repeat":"repeat","background-position":"center center","background-size":"auto","background-attachment":"scroll","background-type":"","background-media":"","overlay-type":"","overlay-color":"","overlay-opacity":"","overlay-gradient":""},"mobile":{"background-color":"","background-image":"","background-repeat":"repeat","background-position":"center center","background-size":"auto","background-attachment":"scroll","background-type":"","background-media":"","overlay-type":"","overlay-color":"","overlay-opacity":"","overlay-gradient":""}},"ast-content-background-meta":{"desktop":{"background-color":"var(--ast-global-color-5)","background-image":"","background-repeat":"repeat","background-position":"center center","background-size":"auto","background-attachment":"scroll","background-type":"","background-media":"","overlay-type":"","overlay-color":"","overlay-opacity":"","overlay-gradient":""},"tablet":{"background-color":"var(--ast-global-color-5)","background-image":"","background-repeat":"repeat","background-position":"center center","background-size":"auto","background-attachment":"scroll","background-type":"","background-media":"","overlay-type":"","overlay-color":"","overlay-opacity":"","overlay-gradient":""},"mobile":{"background-color":"var(--ast-global-color-5)","background-image":"","background-repeat":"repeat","background-position":"center center","background-size":"auto","background-attachment":"scroll","background-type":"","background-media":"","overlay-type":"","overlay-color":"","overlay-opacity":"","overlay-gradient":""}},"footnotes":""},"class_list":["post-1624","page","type-page","status-publish","hentry"],"_links":{"self":[{"href":"https:\/\/lauramakra.com\/hu\/wp-json\/wp\/v2\/pages\/1624","targetHints":{"allow":["GET"]}}],"collection":[{"href":"https:\/\/lauramakra.com\/hu\/wp-json\/wp\/v2\/pages"}],"about":[{"href":"https:\/\/lauramakra.com\/hu\/wp-json\/wp\/v2\/types\/page"}],"author":[{"embeddable":true,"href":"https:\/\/lauramakra.com\/hu\/wp-json\/wp\/v2\/users\/1"}],"replies":[{"embeddable":true,"href":"https:\/\/lauramakra.com\/hu\/wp-json\/wp\/v2\/comments?post=1624"}],"version-history":[{"count":1,"href":"https:\/\/lauramakra.com\/hu\/wp-json\/wp\/v2\/pages\/1624\/revisions"}],"predecessor-version":[{"id":1625,"href":"https:\/\/lauramakra.com\/hu\/wp-json\/wp\/v2\/pages\/1624\/revisions\/1625"}],"wp:attachment":[{"href":"https:\/\/lauramakra.com\/hu\/wp-json\/wp\/v2\/media?parent=1624"}],"curies":[{"name":"wp","href":"https:\/\/api.w.org\/{rel}","templated":true}]}}